{"id":509,"date":"2022-09-07T12:32:04","date_gmt":"2022-09-07T10:32:04","guid":{"rendered":"https:\/\/les-bougains.com\/bougainvillees-de-camargue-gite-chambre-hotes\/?page_id=509"},"modified":"2026-04-17T11:38:13","modified_gmt":"2026-04-17T09:38:13","slug":"tarif","status":"publish","type":"page","link":"https:\/\/les-bougains.com\/bougainvillees-de-camargue-gite-chambre-hotes\/location-logement-hebergement-vacances-piscine\/tarif\/","title":{"rendered":"Tarifs 2026"},"content":{"rendered":"\n<div class=\"wp-block-columns are-vertically-aligned-center is-layout-flex wp-container-core-columns-is-layout-9d6595d7 wp-block-columns-is-layout-flex\">\n<div class=\"wp-block-column is-vertically-aligned-center is-layout-flow wp-block-column-is-layout-flow\">\n<h2 class=\"wp-block-heading\">Nos tarifs au fil des saisons !<\/h2>\n\n\n\n<h3 class=\"wp-block-heading\"><strong>Des tarifs d\u00e9gressifs en fonction de la dur\u00e9e de votre s\u00e9jour<\/strong> ! <\/h3>\n<\/div>\n\n\n\n<div class=\"wp-block-column is-layout-flow wp-block-column-is-layout-flow\" style=\"flex-basis:10%\"><\/div>\n\n\n\n<div class=\"wp-block-column is-vertically-aligned-center is-layout-flow wp-block-column-is-layout-flow\"><div class=\"wp-block-image is-style-default\">\n<figure class=\"alignright size-full is-resized\"><img loading=\"lazy\" decoding=\"async\" width=\"206\" height=\"204\" src=\"https:\/\/les-bougains.com\/bougainvillees-de-camargue-gite-chambre-hotes\/wp-content\/uploads\/2024\/01\/Tampon-meilleurs-prix-garantis-40.png\" alt=\"meilleurs-prix-garantis\" class=\"wp-image-2927\" style=\"width:134px;height:auto\" srcset=\"https:\/\/les-bougains.com\/bougainvillees-de-camargue-gite-chambre-hotes\/wp-content\/uploads\/2024\/01\/Tampon-meilleurs-prix-garantis-40.png 206w, https:\/\/les-bougains.com\/bougainvillees-de-camargue-gite-chambre-hotes\/wp-content\/uploads\/2024\/01\/Tampon-meilleurs-prix-garantis-40-150x150.png 150w\" sizes=\"auto, (max-width: 206px) 100vw, 206px\" \/><\/figure><\/div><\/div>\n<\/div>\n\n\n\n<h2 class=\"wp-block-heading\">Promos en cours !<\/h2>\n\n\n\n<h3 class=\"wp-block-heading\"><strong><strong>Profitez de r\u00e9ductions exceptionnelles en d\u00e9couvrant les codes promo sur cette page<\/strong> !<\/strong><\/h3>\n\n\n\n<p>Indiquez le code qui vous int\u00e9resse sur le formulaire de demande de r\u00e9servation, pour qu&rsquo;il soit appliqu\u00e9 \u00e0 la confirmation de votre s\u00e9jour.<\/p>\n\n\n\n<p><strong>Code \u00ab\u00a0BG20<\/strong>\u00a0\u00bb : en avril, 20% de r\u00e9duction sur tous les s\u00e9jours de 3 nuits et plus<br><strong>Code \u00ab\u00a0MAI34<\/strong>\u00a0\u00bb : en mai, 3 nuits achet\u00e9es = 1 nuit offerte<br><strong>Code \u00ab\u00a0PDJ<\/strong>\u00a0\u00bb : en mai, pour tout s\u00e9jour d&rsquo;une semaine, on vous offre le petit d\u00e9jeuner du 1er jour<br><br><\/p>\n\n\n\n<div style=\"height:30px\" aria-hidden=\"true\" class=\"wp-block-spacer\"><\/div>\n\n\n\n<iframe class=\"ifrsheet\" border=\"0\" style=\"height:933px\" src=\"https:\/\/docs.google.com\/spreadsheets\/d\/e\/2PACX-1vT59xqU0AEY7QR3SEUzLDkfFMkQb6BgtgUxR8anDhP3OGqUqkaaMqxolFvvjA2RcRPgeWd3jNmHeqOL\/pubhtml?gid=0&amp;single=true&amp;widget=false&amp;range=a1:l40&amp;headers=false&amp;chrome=false\"><\/iframe>\n\n\n\n<div style=\"height:50px\" aria-hidden=\"true\" class=\"wp-block-spacer\"><\/div>\n\n\n\n<h2 class=\"wp-block-heading\">V\u00e9rifiez nos disponibilit\u00e9s 2026<\/h2>\n\n\n<div class=\"mphb_sc_search-wrapper \"><form method=\"GET\" class=\"mphb_sc_search-form\" action=\"https:\/\/les-bougains.com\/bougainvillees-de-camargue-gite-chambre-hotes\/resultats-de-la-recherche\/\">\n\n\t<p class = \"mphb-required-fields-tip\">\n\t<small>\n\t\tLes champs obligatoires sont suivis de\t\t<abbr title=\"required\">*<\/abbr>\n\t<\/small>\n<\/p>\n\t<p class=\"mphb_sc_search-check-in-date\">\n\t\t<label for=\"mphb_check_in_date-mphb-search-form-69ecd0adb34ec\">\n\t\t\tArriv\u00e9e\t\t\t<abbr title=\"Format\u00e9 comme dd\/mm\/yyyy\">*<\/abbr>\n\t\t<\/label>\n\t\t<br \/>\n\t\t<input\n\t\t\tid=\"mphb_check_in_date-mphb-search-form-69ecd0adb34ec\"\n\t\t\tdata-datepick-group=\"mphb-search-form-69ecd0adb34ec\"\n\t\t\tvalue=\"\"\n\t\t\tplaceholder=\"Date d&#039;arriv\u00e9e\"\n\t\t\trequired=\"required\"\n\t\t\ttype=\"text\"\n\t\t\tinputmode=\"none\"\n\t\t\tname=\"mphb_check_in_date\"\n\t\t\tclass=\"mphb-datepick\"\n\t\t\tautocomplete=\"off\"\n\t\t\t\/>\n\t<\/p>\n\n\t<p class=\"mphb_sc_search-check-out-date\">\n\t\t<label for=\"mphb_check_out_date-mphb-search-form-69ecd0adb34ec\">\n\t\t\tD\u00e9part\t\t\t<abbr title=\"Format\u00e9 comme dd\/mm\/yyyy\">*<\/abbr>\n\t\t<\/label>\n\t\t<br \/>\n\t\t<input\n\t\t\tid=\"mphb_check_out_date-mphb-search-form-69ecd0adb34ec\"\n\t\t\tdata-datepick-group=\"mphb-search-form-69ecd0adb34ec\"\n\t\t\tvalue=\"\"\n\t\t\tplaceholder=\"Date de d\u00e9part\"\n\t\t\trequired=\"required\"\n\t\t\ttype=\"text\"\n\t\t\tinputmode=\"none\"\n\t\t\tname=\"mphb_check_out_date\"\n\t\t\tclass=\"mphb-datepick\"\n\t\t\tautocomplete=\"off\"\n\t\t\t\/>\n\t<\/p>\n\n\t\t\t<p class=\"mphb_sc_search-adults\">\n\t\t\t<label for=\"mphb_adults-mphb-search-form-69ecd0adb34ec\">\n\t\t\t\tPersonne(s)\t\t\t<\/label>\n\t\t\t<br \/>\n\t\t\t<select id=\"mphb_adults-mphb-search-form-69ecd0adb34ec\" name=\"mphb_adults\" >\n\t\t\t\t\t\t\t\t\t<option value=\"1\"  selected='selected'>1<\/option>\n\t\t\t\t\t\t\t\t\t<option value=\"2\" >2<\/option>\n\t\t\t\t\t\t\t\t\t<option value=\"3\" >3<\/option>\n\t\t\t\t\t\t\t\t\t<option value=\"4\" >4<\/option>\n\t\t\t\t\t\t\t\t\t<option value=\"5\" >5<\/option>\n\t\t\t\t\t\t\t\t\t<option value=\"6\" >6<\/option>\n\t\t\t\t\t\t\t\t\t<option value=\"7\" >7<\/option>\n\t\t\t\t\t\t\t\t\t<option value=\"8\" >8<\/option>\n\t\t\t\t\t\t\t\t\t<option value=\"9\" >9<\/option>\n\t\t\t\t\t\t\t\t\t<option value=\"10\" >10<\/option>\n\t\t\t\t\t\t\t\t\t<option value=\"11\" >11<\/option>\n\t\t\t\t\t\t\t\t\t<option value=\"12\" >12<\/option>\n\t\t\t\t\t\t\t\t\t<option value=\"13\" >13<\/option>\n\t\t\t\t\t\t\t\t\t<option value=\"14\" >14<\/option>\n\t\t\t\t\t\t\t\t\t<option value=\"15\" >15<\/option>\n\t\t\t\t\t\t\t\t\t<option value=\"16\" >16<\/option>\n\t\t\t\t\t\t\t\t\t<option value=\"17\" >17<\/option>\n\t\t\t\t\t\t\t\t\t<option value=\"18\" >18<\/option>\n\t\t\t\t\t\t\t\t\t<option value=\"19\" >19<\/option>\n\t\t\t\t\t\t\t<\/select>\n\t\t<\/p>\n\t\n\t\t\t<p class=\"mphb_sc_search-children\">\n\t\t\t<label for=\"mphb_children-mphb-search-form-69ecd0adb34ec\">\n\t\t\t\tB\u00e9b\u00e9\t\t\t<\/label>\n\t\t\t<br \/>\n\t\t\t<select id=\"mphb_children-mphb-search-form-69ecd0adb34ec\" name=\"mphb_children\">\n\t\t\t\t\t\t\t\t\t<option value=\"0\"  selected='selected'>0<\/option>\n\t\t\t\t\t\t\t\t\t<option value=\"1\" >1<\/option>\n\t\t\t\t\t\t\t<\/select>\n\t\t<\/p>\n\t\n\t\n\t\n\t<input id=\"mphb_check_in_date-mphb-search-form-69ecd0adb34ec-hidden\" value=\"\" type=\"hidden\" name=\"mphb_check_in_date\" \/><input id=\"mphb_check_out_date-mphb-search-form-69ecd0adb34ec-hidden\" value=\"\" type=\"hidden\" name=\"mphb_check_out_date\" \/>\n\t<p class=\"mphb_sc_search-submit-button-wrapper\">\n\t\t<input type=\"submit\" class=\"button\" value=\"Chercher\"\/>\n\t<\/p>\n\n\t\n<\/form>\n<\/div>\n\n\n\n<div style=\"height:30px\" aria-hidden=\"true\" class=\"wp-block-spacer\"><\/div>\n\n\n\n<h2 class=\"wp-block-heading\">D\u00e9couvrez tous nos h\u00e9bergements<\/h2>\n\n\n\n<div class=\"wp-block-buttons is-content-justification-center is-layout-flex wp-container-core-buttons-is-layout-16018d1d wp-block-buttons-is-layout-flex\">\n<div class=\"wp-block-button\"><a class=\"wp-block-button__link wp-element-button\" href=\"https:\/\/les-bougains.com\/bougainvillees-de-camargue-gite-chambre-hotes\/location-logement-hebergement-vacances-piscine\/\" target=\"_blank\" rel=\"noreferrer noopener\">Nos h\u00e9bergements<\/a><\/div>\n<\/div>\n\n\n\n<div style=\"height:30px\" aria-hidden=\"true\" class=\"wp-block-spacer\"><\/div>\n","protected":false},"excerpt":{"rendered":"<p>Nos tarifs au fil des saisons ! Des tarifs d\u00e9gressifs en fonction de la [&hellip;]<\/p>\n","protected":false},"author":1,"featured_media":825,"parent":16,"menu_order":1,"comment_status":"closed","ping_status":"closed","template":"","meta":{"_acf_changed":false,"footnotes":""},"class_list":["post-509","page","type-page","status-publish","has-post-thumbnail","hentry"],"acf":[],"yoast_head":"<!-- This site is optimized with the Yoast SEO plugin v26.8 - https:\/\/yoast.com\/product\/yoast-seo-wordpress\/ -->\n<title>Tarifs 2026 location des g\u00eetes - Les Bougainvill\u00e9es de Camargue<\/title>\n<meta name=\"description\" content=\"Notre tarif s&#039;adapte au fil des saisons incluant de nombreuses r\u00e9ductions en fonction des g\u00eetes et de la dur\u00e9e de location\" \/>\n<meta name=\"robots\" content=\"index, follow, max-snippet:-1, max-image-preview:large, max-video-preview:-1\" \/>\n<link rel=\"canonical\" href=\"https:\/\/les-bougains.com\/bougainvillees-de-camargue-gite-chambre-hotes\/location-logement-hebergement-vacances-piscine\/tarif\/\" \/>\n<meta property=\"og:locale\" content=\"fr_FR\" \/>\n<meta property=\"og:type\" content=\"article\" \/>\n<meta property=\"og:title\" content=\"Tarif 2026 location des g\u00eetes - Les Bougainvill\u00e9es de Camargue\" \/>\n<meta property=\"og:description\" content=\"Notre tarif s&#039;adapte au fil des saisons incluant de nombreuses r\u00e9ductions en fonction des g\u00eetes et de la dur\u00e9e de location\" \/>\n<meta property=\"og:url\" content=\"https:\/\/les-bougains.com\/bougainvillees-de-camargue-gite-chambre-hotes\/location-logement-hebergement-vacances-piscine\/tarif\/\" \/>\n<meta property=\"og:site_name\" content=\"Les Bougainvill\u00e9es de Camargue\" \/>\n<meta property=\"article:publisher\" content=\"https:\/\/www.facebook.com\/profile.php?id=100056653585001\" \/>\n<meta property=\"article:modified_time\" content=\"2026-04-17T09:38:13+00:00\" \/>\n<meta property=\"og:image\" content=\"https:\/\/les-bougains.com\/bougainvillees-de-camargue-gite-chambre-hotes\/wp-content\/uploads\/2023\/02\/Domaine-Bougainvillees-camargue-bougains-arbuste-fleuri.png\" \/>\n\t<meta property=\"og:image:width\" content=\"657\" \/>\n\t<meta property=\"og:image:height\" content=\"889\" \/>\n\t<meta property=\"og:image:type\" content=\"image\/png\" \/>\n<meta name=\"twitter:card\" content=\"summary_large_image\" \/>\n<meta name=\"twitter:label1\" content=\"Dur\u00e9e de lecture estim\u00e9e\" \/>\n\t<meta name=\"twitter:data1\" content=\"1 minute\" \/>\n<script type=\"application\/ld+json\" class=\"yoast-schema-graph\">{\"@context\":\"https:\/\/schema.org\",\"@graph\":[{\"@type\":\"WebPage\",\"@id\":\"https:\/\/les-bougains.com\/bougainvillees-de-camargue-gite-chambre-hotes\/location-logement-hebergement-vacances-piscine\/tarif\/\",\"url\":\"https:\/\/les-bougains.com\/bougainvillees-de-camargue-gite-chambre-hotes\/location-logement-hebergement-vacances-piscine\/tarif\/\",\"name\":\"Tarifs 2026 location des g\u00eetes - Les Bougainvill\u00e9es de Camargue\",\"isPartOf\":{\"@id\":\"https:\/\/les-bougains.com\/bougainvillees-de-camargue-gite-chambre-hotes\/#website\"},\"primaryImageOfPage\":{\"@id\":\"https:\/\/les-bougains.com\/bougainvillees-de-camargue-gite-chambre-hotes\/location-logement-hebergement-vacances-piscine\/tarif\/#primaryimage\"},\"image\":{\"@id\":\"https:\/\/les-bougains.com\/bougainvillees-de-camargue-gite-chambre-hotes\/location-logement-hebergement-vacances-piscine\/tarif\/#primaryimage\"},\"thumbnailUrl\":\"https:\/\/les-bougains.com\/bougainvillees-de-camargue-gite-chambre-hotes\/wp-content\/uploads\/2023\/02\/Domaine-Bougainvillees-camargue-bougains-fleuri-arbore.png\",\"datePublished\":\"2022-09-07T10:32:04+00:00\",\"dateModified\":\"2026-04-17T09:38:13+00:00\",\"description\":\"Notre tarif s'adapte au fil des saisons incluant de nombreuses r\u00e9ductions en fonction des g\u00eetes et de la dur\u00e9e de location\",\"breadcrumb\":{\"@id\":\"https:\/\/les-bougains.com\/bougainvillees-de-camargue-gite-chambre-hotes\/location-logement-hebergement-vacances-piscine\/tarif\/#breadcrumb\"},\"inLanguage\":\"fr-FR\",\"potentialAction\":[{\"@type\":\"ReadAction\",\"target\":[\"https:\/\/les-bougains.com\/bougainvillees-de-camargue-gite-chambre-hotes\/location-logement-hebergement-vacances-piscine\/tarif\/\"]}]},{\"@type\":\"ImageObject\",\"inLanguage\":\"fr-FR\",\"@id\":\"https:\/\/les-bougains.com\/bougainvillees-de-camargue-gite-chambre-hotes\/location-logement-hebergement-vacances-piscine\/tarif\/#primaryimage\",\"url\":\"https:\/\/les-bougains.com\/bougainvillees-de-camargue-gite-chambre-hotes\/wp-content\/uploads\/2023\/02\/Domaine-Bougainvillees-camargue-bougains-fleuri-arbore.png\",\"contentUrl\":\"https:\/\/les-bougains.com\/bougainvillees-de-camargue-gite-chambre-hotes\/wp-content\/uploads\/2023\/02\/Domaine-Bougainvillees-camargue-bougains-fleuri-arbore.png\",\"width\":1294,\"height\":796,\"caption\":\"Domaine-Bougainvillees-camargue-bougains-fleuri-arbore bougainvillier\"},{\"@type\":\"BreadcrumbList\",\"@id\":\"https:\/\/les-bougains.com\/bougainvillees-de-camargue-gite-chambre-hotes\/location-logement-hebergement-vacances-piscine\/tarif\/#breadcrumb\",\"itemListElement\":[{\"@type\":\"ListItem\",\"position\":1,\"name\":\"Nos g\u00eetes et chambres d&rsquo;h\u00f4tes\",\"item\":\"https:\/\/les-bougains.com\/bougainvillees-de-camargue-gite-chambre-hotes\/location-logement-hebergement-vacances-piscine\/\"},{\"@type\":\"ListItem\",\"position\":2,\"name\":\"Tarifs 2026\"}]},{\"@type\":\"WebSite\",\"@id\":\"https:\/\/les-bougains.com\/bougainvillees-de-camargue-gite-chambre-hotes\/#website\",\"url\":\"https:\/\/les-bougains.com\/bougainvillees-de-camargue-gite-chambre-hotes\/\",\"name\":\"Les Bougainvill\u00e9es de Camargue\",\"description\":\"G\u00eetes &amp; Chambres d\u2019h\u00f4tes\",\"publisher\":{\"@id\":\"https:\/\/les-bougains.com\/bougainvillees-de-camargue-gite-chambre-hotes\/#organization\"},\"alternateName\":\"G\u00eetes et chambres d'h\u00f4te \u00e0 Villetelle, H\u00e9rault, Languedoc, Sud de France\",\"potentialAction\":[{\"@type\":\"SearchAction\",\"target\":{\"@type\":\"EntryPoint\",\"urlTemplate\":\"https:\/\/les-bougains.com\/bougainvillees-de-camargue-gite-chambre-hotes\/?s={search_term_string}\"},\"query-input\":{\"@type\":\"PropertyValueSpecification\",\"valueRequired\":true,\"valueName\":\"search_term_string\"}}],\"inLanguage\":\"fr-FR\"},{\"@type\":\"Organization\",\"@id\":\"https:\/\/les-bougains.com\/bougainvillees-de-camargue-gite-chambre-hotes\/#organization\",\"name\":\"Les Bougainvill\u00e9es de Camargue\",\"alternateName\":\"G\u00eetes et chambres d'h\u00f4te \u00e0 Villetelle, H\u00e9rault, Languedoc, Sud de France\",\"url\":\"https:\/\/les-bougains.com\/bougainvillees-de-camargue-gite-chambre-hotes\/\",\"logo\":{\"@type\":\"ImageObject\",\"inLanguage\":\"fr-FR\",\"@id\":\"https:\/\/les-bougains.com\/bougainvillees-de-camargue-gite-chambre-hotes\/#\/schema\/logo\/image\/\",\"url\":\"https:\/\/les-bougains.com\/bougainvillees-de-camargue-gite-chambre-hotes\/wp-content\/uploads\/2023\/11\/Bougainvillees-Camargue-logo2-blanc-transparent-essai31-175.png\",\"contentUrl\":\"https:\/\/les-bougains.com\/bougainvillees-de-camargue-gite-chambre-hotes\/wp-content\/uploads\/2023\/11\/Bougainvillees-Camargue-logo2-blanc-transparent-essai31-175.png\",\"width\":175,\"height\":152,\"caption\":\"Les Bougainvill\u00e9es de Camargue\"},\"image\":{\"@id\":\"https:\/\/les-bougains.com\/bougainvillees-de-camargue-gite-chambre-hotes\/#\/schema\/logo\/image\/\"},\"sameAs\":[\"https:\/\/www.facebook.com\/profile.php?id=100056653585001\"]}]}<\/script>\n<!-- \/ Yoast SEO plugin. -->","yoast_head_json":{"title":"Tarifs 2026 location des g\u00eetes - Les Bougainvill\u00e9es de Camargue","description":"Notre tarif s'adapte au fil des saisons incluant de nombreuses r\u00e9ductions en fonction des g\u00eetes et de la dur\u00e9e de location","robots":{"index":"index","follow":"follow","max-snippet":"max-snippet:-1","max-image-preview":"max-image-preview:large","max-video-preview":"max-video-preview:-1"},"canonical":"https:\/\/les-bougains.com\/bougainvillees-de-camargue-gite-chambre-hotes\/location-logement-hebergement-vacances-piscine\/tarif\/","og_locale":"fr_FR","og_type":"article","og_title":"Tarif 2026 location des g\u00eetes - Les Bougainvill\u00e9es de Camargue","og_description":"Notre tarif s'adapte au fil des saisons incluant de nombreuses r\u00e9ductions en fonction des g\u00eetes et de la dur\u00e9e de location","og_url":"https:\/\/les-bougains.com\/bougainvillees-de-camargue-gite-chambre-hotes\/location-logement-hebergement-vacances-piscine\/tarif\/","og_site_name":"Les Bougainvill\u00e9es de Camargue","article_publisher":"https:\/\/www.facebook.com\/profile.php?id=100056653585001","article_modified_time":"2026-04-17T09:38:13+00:00","og_image":[{"width":657,"height":889,"url":"https:\/\/les-bougains.com\/bougainvillees-de-camargue-gite-chambre-hotes\/wp-content\/uploads\/2023\/02\/Domaine-Bougainvillees-camargue-bougains-arbuste-fleuri.png","type":"image\/png"}],"twitter_card":"summary_large_image","twitter_misc":{"Dur\u00e9e de lecture estim\u00e9e":"1 minute"},"schema":{"@context":"https:\/\/schema.org","@graph":[{"@type":"WebPage","@id":"https:\/\/les-bougains.com\/bougainvillees-de-camargue-gite-chambre-hotes\/location-logement-hebergement-vacances-piscine\/tarif\/","url":"https:\/\/les-bougains.com\/bougainvillees-de-camargue-gite-chambre-hotes\/location-logement-hebergement-vacances-piscine\/tarif\/","name":"Tarifs 2026 location des g\u00eetes - Les Bougainvill\u00e9es de Camargue","isPartOf":{"@id":"https:\/\/les-bougains.com\/bougainvillees-de-camargue-gite-chambre-hotes\/#website"},"primaryImageOfPage":{"@id":"https:\/\/les-bougains.com\/bougainvillees-de-camargue-gite-chambre-hotes\/location-logement-hebergement-vacances-piscine\/tarif\/#primaryimage"},"image":{"@id":"https:\/\/les-bougains.com\/bougainvillees-de-camargue-gite-chambre-hotes\/location-logement-hebergement-vacances-piscine\/tarif\/#primaryimage"},"thumbnailUrl":"https:\/\/les-bougains.com\/bougainvillees-de-camargue-gite-chambre-hotes\/wp-content\/uploads\/2023\/02\/Domaine-Bougainvillees-camargue-bougains-fleuri-arbore.png","datePublished":"2022-09-07T10:32:04+00:00","dateModified":"2026-04-17T09:38:13+00:00","description":"Notre tarif s'adapte au fil des saisons incluant de nombreuses r\u00e9ductions en fonction des g\u00eetes et de la dur\u00e9e de location","breadcrumb":{"@id":"https:\/\/les-bougains.com\/bougainvillees-de-camargue-gite-chambre-hotes\/location-logement-hebergement-vacances-piscine\/tarif\/#breadcrumb"},"inLanguage":"fr-FR","potentialAction":[{"@type":"ReadAction","target":["https:\/\/les-bougains.com\/bougainvillees-de-camargue-gite-chambre-hotes\/location-logement-hebergement-vacances-piscine\/tarif\/"]}]},{"@type":"ImageObject","inLanguage":"fr-FR","@id":"https:\/\/les-bougains.com\/bougainvillees-de-camargue-gite-chambre-hotes\/location-logement-hebergement-vacances-piscine\/tarif\/#primaryimage","url":"https:\/\/les-bougains.com\/bougainvillees-de-camargue-gite-chambre-hotes\/wp-content\/uploads\/2023\/02\/Domaine-Bougainvillees-camargue-bougains-fleuri-arbore.png","contentUrl":"https:\/\/les-bougains.com\/bougainvillees-de-camargue-gite-chambre-hotes\/wp-content\/uploads\/2023\/02\/Domaine-Bougainvillees-camargue-bougains-fleuri-arbore.png","width":1294,"height":796,"caption":"Domaine-Bougainvillees-camargue-bougains-fleuri-arbore bougainvillier"},{"@type":"BreadcrumbList","@id":"https:\/\/les-bougains.com\/bougainvillees-de-camargue-gite-chambre-hotes\/location-logement-hebergement-vacances-piscine\/tarif\/#breadcrumb","itemListElement":[{"@type":"ListItem","position":1,"name":"Nos g\u00eetes et chambres d&rsquo;h\u00f4tes","item":"https:\/\/les-bougains.com\/bougainvillees-de-camargue-gite-chambre-hotes\/location-logement-hebergement-vacances-piscine\/"},{"@type":"ListItem","position":2,"name":"Tarifs 2026"}]},{"@type":"WebSite","@id":"https:\/\/les-bougains.com\/bougainvillees-de-camargue-gite-chambre-hotes\/#website","url":"https:\/\/les-bougains.com\/bougainvillees-de-camargue-gite-chambre-hotes\/","name":"Les Bougainvill\u00e9es de Camargue","description":"G\u00eetes &amp; Chambres d\u2019h\u00f4tes","publisher":{"@id":"https:\/\/les-bougains.com\/bougainvillees-de-camargue-gite-chambre-hotes\/#organization"},"alternateName":"G\u00eetes et chambres d'h\u00f4te \u00e0 Villetelle, H\u00e9rault, Languedoc, Sud de France","potentialAction":[{"@type":"SearchAction","target":{"@type":"EntryPoint","urlTemplate":"https:\/\/les-bougains.com\/bougainvillees-de-camargue-gite-chambre-hotes\/?s={search_term_string}"},"query-input":{"@type":"PropertyValueSpecification","valueRequired":true,"valueName":"search_term_string"}}],"inLanguage":"fr-FR"},{"@type":"Organization","@id":"https:\/\/les-bougains.com\/bougainvillees-de-camargue-gite-chambre-hotes\/#organization","name":"Les Bougainvill\u00e9es de Camargue","alternateName":"G\u00eetes et chambres d'h\u00f4te \u00e0 Villetelle, H\u00e9rault, Languedoc, Sud de France","url":"https:\/\/les-bougains.com\/bougainvillees-de-camargue-gite-chambre-hotes\/","logo":{"@type":"ImageObject","inLanguage":"fr-FR","@id":"https:\/\/les-bougains.com\/bougainvillees-de-camargue-gite-chambre-hotes\/#\/schema\/logo\/image\/","url":"https:\/\/les-bougains.com\/bougainvillees-de-camargue-gite-chambre-hotes\/wp-content\/uploads\/2023\/11\/Bougainvillees-Camargue-logo2-blanc-transparent-essai31-175.png","contentUrl":"https:\/\/les-bougains.com\/bougainvillees-de-camargue-gite-chambre-hotes\/wp-content\/uploads\/2023\/11\/Bougainvillees-Camargue-logo2-blanc-transparent-essai31-175.png","width":175,"height":152,"caption":"Les Bougainvill\u00e9es de Camargue"},"image":{"@id":"https:\/\/les-bougains.com\/bougainvillees-de-camargue-gite-chambre-hotes\/#\/schema\/logo\/image\/"},"sameAs":["https:\/\/www.facebook.com\/profile.php?id=100056653585001"]}]}},"_links":{"self":[{"href":"https:\/\/les-bougains.com\/bougainvillees-de-camargue-gite-chambre-hotes\/wp-json\/wp\/v2\/pages\/509","targetHints":{"allow":["GET"]}}],"collection":[{"href":"https:\/\/les-bougains.com\/bougainvillees-de-camargue-gite-chambre-hotes\/wp-json\/wp\/v2\/pages"}],"about":[{"href":"https:\/\/les-bougains.com\/bougainvillees-de-camargue-gite-chambre-hotes\/wp-json\/wp\/v2\/types\/page"}],"author":[{"embeddable":true,"href":"https:\/\/les-bougains.com\/bougainvillees-de-camargue-gite-chambre-hotes\/wp-json\/wp\/v2\/users\/1"}],"replies":[{"embeddable":true,"href":"https:\/\/les-bougains.com\/bougainvillees-de-camargue-gite-chambre-hotes\/wp-json\/wp\/v2\/comments?post=509"}],"version-history":[{"count":63,"href":"https:\/\/les-bougains.com\/bougainvillees-de-camargue-gite-chambre-hotes\/wp-json\/wp\/v2\/pages\/509\/revisions"}],"predecessor-version":[{"id":9223,"href":"https:\/\/les-bougains.com\/bougainvillees-de-camargue-gite-chambre-hotes\/wp-json\/wp\/v2\/pages\/509\/revisions\/9223"}],"up":[{"embeddable":true,"href":"https:\/\/les-bougains.com\/bougainvillees-de-camargue-gite-chambre-hotes\/wp-json\/wp\/v2\/pages\/16"}],"wp:featuredmedia":[{"embeddable":true,"href":"https:\/\/les-bougains.com\/bougainvillees-de-camargue-gite-chambre-hotes\/wp-json\/wp\/v2\/media\/825"}],"wp:attachment":[{"href":"https:\/\/les-bougains.com\/bougainvillees-de-camargue-gite-chambre-hotes\/wp-json\/wp\/v2\/media?parent=509"}],"curies":[{"name":"wp","href":"https:\/\/api.w.org\/{rel}","templated":true}]}}