{"id":20,"date":"2022-03-09T17:22:57","date_gmt":"2022-03-09T16:22:57","guid":{"rendered":"https:\/\/les-bougains.com\/bougainvillees-de-camargue-gite-chambre-hotes\/?page_id=20"},"modified":"2025-10-30T12:01:07","modified_gmt":"2025-10-30T11:01:07","slug":"contact","status":"publish","type":"page","link":"https:\/\/les-bougains.com\/bougainvillees-de-camargue-gite-chambre-hotes\/contact\/","title":{"rendered":"Contactez-nous !"},"content":{"rendered":"\n<div class=\"wp-block-columns is-layout-flex wp-container-core-columns-is-layout-9d6595d7 wp-block-columns-is-layout-flex\">\n<div class=\"wp-block-column is-vertically-aligned-center is-layout-flow wp-block-column-is-layout-flow\" style=\"flex-basis:50%\">\n<h2 class=\"wp-block-heading has-text-align-left has-medium-font-size\"><strong>Les Bougainvill\u00e9es de Camargue<\/strong> \u2606\u2606\u2606<\/h2>\n\n\n\n<p class=\"has-text-align-left\">G\u00eetes et chambres d\u2019h\u00f4tes<\/p>\n\n\n\n<p>343 Chemin des Combes Noires 34400 Villetelle (H\u00e9rault) \u2013 France<br>10 min de l\u2019autoroute A9 (sortie n\u00b027)<\/p>\n\n\n\n<div class=\"wp-block-media-text\" style=\"grid-template-columns:15% auto\"><figure class=\"wp-block-media-text__media\"><img loading=\"lazy\" decoding=\"async\" width=\"150\" height=\"150\" src=\"https:\/\/les-bougains.com\/bougainvillees-de-camargue-gite-chambre-hotes\/wp-content\/uploads\/2023\/09\/telephone300-e1694687780347-150x150.png\" alt=\"t\u00e9lephone\" class=\"wp-image-1531 size-thumbnail\"\/><\/figure><div class=\"wp-block-media-text__content\">\n<h2 class=\"wp-block-heading\"><strong>+33 (0)6 30 57 02 51<\/strong><\/h2>\n<\/div><\/div>\n<\/div>\n\n\n\n<div class=\"wp-block-column is-layout-flow wp-block-column-is-layout-flow\" style=\"flex-basis:50%\">\n<pre class=\"wp-block-code\"><code><iframe src=\"https:\/\/www.google.com\/maps\/embed?pb=!1m18!1m12!1m3!1d2883.405170763991!2d4.133665616129884!3d43.72290925593732!2m3!1f0!2f0!3f0!3m2!1i1024!2i768!4f13.1!3m3!1m2!1s0x12b421618d048091%3A0xd1cc9c4a9c256abf!2sLes%20Bougainvill%C3%A9es%20de%20Camargue!5e0!3m2!1sfr!2sfr!4v1676983107048!5m2!1sfr!2sfr\" width=\"450\" height=\"300\" style=\"border:0;\" allowfullscreen=\"\" loading=\"lazy\" referrerpolicy=\"no-referrer-when-downgrade\"><\/iframe><\/code><\/pre>\n<\/div>\n<\/div>\n\n\n\n<p>Pour toute demande d\u2019information, merci d\u2019utiliser ce formulaire de contact. <u>Nous vous r\u00e9pondrons dans les meilleurs d\u00e9lais.<\/u> Les r\u00e9servations 2026 sont ouvertes !<\/p>\n\n\n\n<div class=\"wp-block-contact-form-7-contact-form-selector\">\n<div class=\"wpcf7 no-js\" id=\"wpcf7-f473-o1\" lang=\"fr-FR\" dir=\"ltr\" data-wpcf7-id=\"473\">\n<div class=\"screen-reader-response\"><p role=\"status\" aria-live=\"polite\" aria-atomic=\"true\"><\/p> <ul><\/ul><\/div>\n<form action=\"\/bougainvillees-de-camargue-gite-chambre-hotes\/wp-json\/wp\/v2\/pages\/20#wpcf7-f473-o1\" method=\"post\" class=\"wpcf7-form init\" aria-label=\"Formulaire de contact\" novalidate=\"novalidate\" data-status=\"init\">\n<fieldset class=\"hidden-fields-container\"><input type=\"hidden\" name=\"_wpcf7\" value=\"473\" \/><input type=\"hidden\" name=\"_wpcf7_version\" value=\"6.1.4\" \/><input type=\"hidden\" name=\"_wpcf7_locale\" value=\"fr_FR\" \/><input type=\"hidden\" name=\"_wpcf7_unit_tag\" value=\"wpcf7-f473-o1\" \/><input type=\"hidden\" name=\"_wpcf7_container_post\" value=\"0\" \/><input type=\"hidden\" name=\"_wpcf7_posted_data_hash\" value=\"\" \/><input type=\"hidden\" name=\"_wpcf7_recaptcha_response\" value=\"\" \/>\n<\/fieldset>\n<p><label> Votre nom*<br \/>\n<span class=\"wpcf7-form-control-wrap\" data-name=\"your-name\"><input size=\"40\" maxlength=\"400\" class=\"wpcf7-form-control wpcf7-text wpcf7-validates-as-required\" aria-required=\"true\" aria-invalid=\"false\" value=\"\" type=\"text\" name=\"your-name\" \/><\/span> <\/label>\n<\/p>\n<p><label> Votre e-mail*<br \/>\n<span class=\"wpcf7-form-control-wrap\" data-name=\"your-email\"><input size=\"40\" maxlength=\"400\" class=\"wpcf7-form-control wpcf7-email wpcf7-validates-as-required wpcf7-text wpcf7-validates-as-email\" aria-required=\"true\" aria-invalid=\"false\" value=\"\" type=\"email\" name=\"your-email\" \/><\/span> <\/label>\n<\/p>\n<p><label> Votre t\u00e9l\u00e9phone*<br \/>\n<span class=\"wpcf7-form-control-wrap\" data-name=\"Tel\"><input size=\"40\" maxlength=\"400\" class=\"wpcf7-form-control wpcf7-tel wpcf7-validates-as-required wpcf7-text wpcf7-validates-as-tel\" aria-required=\"true\" aria-invalid=\"false\" value=\"\" type=\"tel\" name=\"Tel\" \/><\/span> <\/label>\n<\/p>\n<p><label> Objet*<br \/>\n<span class=\"wpcf7-form-control-wrap\" data-name=\"your-subject\"><input size=\"40\" maxlength=\"400\" class=\"wpcf7-form-control wpcf7-text wpcf7-validates-as-required\" aria-required=\"true\" aria-invalid=\"false\" value=\"\" type=\"text\" name=\"your-subject\" \/><\/span> <\/label>\n<\/p>\n<p><label> Votre message<br \/>\n<span class=\"wpcf7-form-control-wrap\" data-name=\"your-message\"><textarea cols=\"40\" rows=\"10\" maxlength=\"2000\" class=\"wpcf7-form-control wpcf7-textarea\" aria-invalid=\"false\" name=\"your-message\"><\/textarea><\/span> <\/label><br \/>\n<span class=\"wpcf7-form-control-wrap\" data-name=\"rgpd\"><span class=\"wpcf7-form-control wpcf7-acceptance\"><span class=\"wpcf7-list-item\"><label><input type=\"checkbox\" name=\"rgpd\" value=\"1\" aria-invalid=\"false\" \/><span class=\"wpcf7-list-item-label\">J'accepte que \"Les Bougains\" utilise mes donn\u00e9es afin de traiter ma demande<\/span><\/label><\/span><\/span><\/span><br \/>\n<input class=\"wpcf7-form-control wpcf7-submit has-spinner\" type=\"submit\" value=\"Envoyer\" \/>\n<\/p><div class=\"wpcf7-response-output\" aria-hidden=\"true\"><\/div>\n<\/form>\n<\/div>\n<\/div>\n","protected":false},"excerpt":{"rendered":"<p>Les Bougainvill\u00e9es de Camargue \u2606\u2606\u2606 G\u00eetes et chambres d\u2019h\u00f4tes 343 Chemin des Combes Noires [&hellip;]<\/p>\n","protected":false},"author":1,"featured_media":770,"parent":0,"menu_order":0,"comment_status":"closed","ping_status":"closed","template":"","meta":{"_acf_changed":false,"footnotes":""},"class_list":["post-20","page","type-page","status-publish","has-post-thumbnail","hentry"],"acf":[],"yoast_head":"<!-- This site is optimized with the Yoast SEO plugin v26.8 - https:\/\/yoast.com\/product\/yoast-seo-wordpress\/ -->\n<title>Notre adresse : contactez-nous - Les Bougainvill\u00e9es de Camargue<\/title>\n<meta name=\"description\" content=\"Voici notre adresse : Les Bougainvill\u00e9es de Camargue - G\u00eetes et chambres d\u2019h\u00f4tes - 343 Chemin des Combes Noires - 34400 Villetelle (H\u00e9rault).\" \/>\n<meta name=\"robots\" content=\"index, follow, max-snippet:-1, max-image-preview:large, max-video-preview:-1\" \/>\n<link rel=\"canonical\" href=\"https:\/\/les-bougains.com\/bougainvillees-de-camargue-gite-chambre-hotes\/contact\/\" \/>\n<meta property=\"og:locale\" content=\"fr_FR\" \/>\n<meta property=\"og:type\" content=\"article\" \/>\n<meta property=\"og:title\" content=\"Contactez-nous ! Les Bougainvill\u00e9es de Camargue\" \/>\n<meta property=\"og:description\" content=\"Voici notre adresse : Les Bougainvill\u00e9es de Camargue - G\u00eetes et chambres d\u2019h\u00f4tes - 343 Chemin des Combes Noires - 34400 Villetelle (H\u00e9rault).\" \/>\n<meta property=\"og:url\" content=\"https:\/\/les-bougains.com\/bougainvillees-de-camargue-gite-chambre-hotes\/contact\/\" \/>\n<meta property=\"og:site_name\" content=\"Les Bougainvill\u00e9es de Camargue\" \/>\n<meta property=\"article:publisher\" content=\"https:\/\/www.facebook.com\/profile.php?id=100056653585001\" \/>\n<meta property=\"article:modified_time\" content=\"2025-10-30T11:01:07+00:00\" \/>\n<meta property=\"og:image\" content=\"https:\/\/les-bougains.com\/bougainvillees-de-camargue-gite-chambre-hotes\/wp-content\/uploads\/2023\/04\/Domaine-Bougainvillees-camargue-bougains-gite-5-appart-hotel-villetelle-pelouse-2-fauteuils.jpg\" \/>\n\t<meta property=\"og:image:width\" content=\"800\" \/>\n\t<meta property=\"og:image:height\" content=\"600\" \/>\n\t<meta property=\"og:image:type\" content=\"image\/jpeg\" \/>\n<meta name=\"twitter:card\" content=\"summary_large_image\" \/>\n<meta name=\"twitter:label1\" content=\"Dur\u00e9e de lecture estim\u00e9e\" \/>\n\t<meta name=\"twitter:data1\" content=\"1 minute\" \/>\n<script type=\"application\/ld+json\" class=\"yoast-schema-graph\">{\"@context\":\"https:\/\/schema.org\",\"@graph\":[{\"@type\":\"WebPage\",\"@id\":\"https:\/\/les-bougains.com\/bougainvillees-de-camargue-gite-chambre-hotes\/contact\/\",\"url\":\"https:\/\/les-bougains.com\/bougainvillees-de-camargue-gite-chambre-hotes\/contact\/\",\"name\":\"Notre adresse : contactez-nous - Les Bougainvill\u00e9es de Camargue\",\"isPartOf\":{\"@id\":\"https:\/\/les-bougains.com\/bougainvillees-de-camargue-gite-chambre-hotes\/#website\"},\"primaryImageOfPage\":{\"@id\":\"https:\/\/les-bougains.com\/bougainvillees-de-camargue-gite-chambre-hotes\/contact\/#primaryimage\"},\"image\":{\"@id\":\"https:\/\/les-bougains.com\/bougainvillees-de-camargue-gite-chambre-hotes\/contact\/#primaryimage\"},\"thumbnailUrl\":\"https:\/\/les-bougains.com\/bougainvillees-de-camargue-gite-chambre-hotes\/wp-content\/uploads\/2023\/02\/Flamant-rose-shutterstock.jpg\",\"datePublished\":\"2022-03-09T16:22:57+00:00\",\"dateModified\":\"2025-10-30T11:01:07+00:00\",\"description\":\"Voici notre adresse : Les Bougainvill\u00e9es de Camargue - G\u00eetes et chambres d\u2019h\u00f4tes - 343 Chemin des Combes Noires - 34400 Villetelle (H\u00e9rault).\",\"inLanguage\":\"fr-FR\",\"potentialAction\":[{\"@type\":\"ReadAction\",\"target\":[\"https:\/\/les-bougains.com\/bougainvillees-de-camargue-gite-chambre-hotes\/contact\/\"]}]},{\"@type\":\"ImageObject\",\"inLanguage\":\"fr-FR\",\"@id\":\"https:\/\/les-bougains.com\/bougainvillees-de-camargue-gite-chambre-hotes\/contact\/#primaryimage\",\"url\":\"https:\/\/les-bougains.com\/bougainvillees-de-camargue-gite-chambre-hotes\/wp-content\/uploads\/2023\/02\/Flamant-rose-shutterstock.jpg\",\"contentUrl\":\"https:\/\/les-bougains.com\/bougainvillees-de-camargue-gite-chambre-hotes\/wp-content\/uploads\/2023\/02\/Flamant-rose-shutterstock.jpg\",\"width\":800,\"height\":533,\"caption\":\"Flamant-rose\"},{\"@type\":\"WebSite\",\"@id\":\"https:\/\/les-bougains.com\/bougainvillees-de-camargue-gite-chambre-hotes\/#website\",\"url\":\"https:\/\/les-bougains.com\/bougainvillees-de-camargue-gite-chambre-hotes\/\",\"name\":\"Les Bougainvill\u00e9es de Camargue\",\"description\":\"G\u00eetes &amp; Chambres d\u2019h\u00f4tes\",\"publisher\":{\"@id\":\"https:\/\/les-bougains.com\/bougainvillees-de-camargue-gite-chambre-hotes\/#organization\"},\"alternateName\":\"G\u00eetes et chambres d'h\u00f4te \u00e0 Villetelle, H\u00e9rault, Languedoc, Sud de France\",\"potentialAction\":[{\"@type\":\"SearchAction\",\"target\":{\"@type\":\"EntryPoint\",\"urlTemplate\":\"https:\/\/les-bougains.com\/bougainvillees-de-camargue-gite-chambre-hotes\/?s={search_term_string}\"},\"query-input\":{\"@type\":\"PropertyValueSpecification\",\"valueRequired\":true,\"valueName\":\"search_term_string\"}}],\"inLanguage\":\"fr-FR\"},{\"@type\":\"Organization\",\"@id\":\"https:\/\/les-bougains.com\/bougainvillees-de-camargue-gite-chambre-hotes\/#organization\",\"name\":\"Les Bougainvill\u00e9es de Camargue\",\"alternateName\":\"G\u00eetes et chambres d'h\u00f4te \u00e0 Villetelle, H\u00e9rault, Languedoc, Sud de France\",\"url\":\"https:\/\/les-bougains.com\/bougainvillees-de-camargue-gite-chambre-hotes\/\",\"logo\":{\"@type\":\"ImageObject\",\"inLanguage\":\"fr-FR\",\"@id\":\"https:\/\/les-bougains.com\/bougainvillees-de-camargue-gite-chambre-hotes\/#\/schema\/logo\/image\/\",\"url\":\"https:\/\/les-bougains.com\/bougainvillees-de-camargue-gite-chambre-hotes\/wp-content\/uploads\/2023\/11\/Bougainvillees-Camargue-logo2-blanc-transparent-essai31-175.png\",\"contentUrl\":\"https:\/\/les-bougains.com\/bougainvillees-de-camargue-gite-chambre-hotes\/wp-content\/uploads\/2023\/11\/Bougainvillees-Camargue-logo2-blanc-transparent-essai31-175.png\",\"width\":175,\"height\":152,\"caption\":\"Les Bougainvill\u00e9es de Camargue\"},\"image\":{\"@id\":\"https:\/\/les-bougains.com\/bougainvillees-de-camargue-gite-chambre-hotes\/#\/schema\/logo\/image\/\"},\"sameAs\":[\"https:\/\/www.facebook.com\/profile.php?id=100056653585001\"]}]}<\/script>\n<!-- \/ Yoast SEO plugin. -->","yoast_head_json":{"title":"Notre adresse : contactez-nous - Les Bougainvill\u00e9es de Camargue","description":"Voici notre adresse : Les Bougainvill\u00e9es de Camargue - G\u00eetes et chambres d\u2019h\u00f4tes - 343 Chemin des Combes Noires - 34400 Villetelle (H\u00e9rault).","robots":{"index":"index","follow":"follow","max-snippet":"max-snippet:-1","max-image-preview":"max-image-preview:large","max-video-preview":"max-video-preview:-1"},"canonical":"https:\/\/les-bougains.com\/bougainvillees-de-camargue-gite-chambre-hotes\/contact\/","og_locale":"fr_FR","og_type":"article","og_title":"Contactez-nous ! Les Bougainvill\u00e9es de Camargue","og_description":"Voici notre adresse : Les Bougainvill\u00e9es de Camargue - G\u00eetes et chambres d\u2019h\u00f4tes - 343 Chemin des Combes Noires - 34400 Villetelle (H\u00e9rault).","og_url":"https:\/\/les-bougains.com\/bougainvillees-de-camargue-gite-chambre-hotes\/contact\/","og_site_name":"Les Bougainvill\u00e9es de Camargue","article_publisher":"https:\/\/www.facebook.com\/profile.php?id=100056653585001","article_modified_time":"2025-10-30T11:01:07+00:00","og_image":[{"width":800,"height":600,"url":"https:\/\/les-bougains.com\/bougainvillees-de-camargue-gite-chambre-hotes\/wp-content\/uploads\/2023\/04\/Domaine-Bougainvillees-camargue-bougains-gite-5-appart-hotel-villetelle-pelouse-2-fauteuils.jpg","type":"image\/jpeg"}],"twitter_card":"summary_large_image","twitter_misc":{"Dur\u00e9e de lecture estim\u00e9e":"1 minute"},"schema":{"@context":"https:\/\/schema.org","@graph":[{"@type":"WebPage","@id":"https:\/\/les-bougains.com\/bougainvillees-de-camargue-gite-chambre-hotes\/contact\/","url":"https:\/\/les-bougains.com\/bougainvillees-de-camargue-gite-chambre-hotes\/contact\/","name":"Notre adresse : contactez-nous - Les Bougainvill\u00e9es de Camargue","isPartOf":{"@id":"https:\/\/les-bougains.com\/bougainvillees-de-camargue-gite-chambre-hotes\/#website"},"primaryImageOfPage":{"@id":"https:\/\/les-bougains.com\/bougainvillees-de-camargue-gite-chambre-hotes\/contact\/#primaryimage"},"image":{"@id":"https:\/\/les-bougains.com\/bougainvillees-de-camargue-gite-chambre-hotes\/contact\/#primaryimage"},"thumbnailUrl":"https:\/\/les-bougains.com\/bougainvillees-de-camargue-gite-chambre-hotes\/wp-content\/uploads\/2023\/02\/Flamant-rose-shutterstock.jpg","datePublished":"2022-03-09T16:22:57+00:00","dateModified":"2025-10-30T11:01:07+00:00","description":"Voici notre adresse : Les Bougainvill\u00e9es de Camargue - G\u00eetes et chambres d\u2019h\u00f4tes - 343 Chemin des Combes Noires - 34400 Villetelle (H\u00e9rault).","inLanguage":"fr-FR","potentialAction":[{"@type":"ReadAction","target":["https:\/\/les-bougains.com\/bougainvillees-de-camargue-gite-chambre-hotes\/contact\/"]}]},{"@type":"ImageObject","inLanguage":"fr-FR","@id":"https:\/\/les-bougains.com\/bougainvillees-de-camargue-gite-chambre-hotes\/contact\/#primaryimage","url":"https:\/\/les-bougains.com\/bougainvillees-de-camargue-gite-chambre-hotes\/wp-content\/uploads\/2023\/02\/Flamant-rose-shutterstock.jpg","contentUrl":"https:\/\/les-bougains.com\/bougainvillees-de-camargue-gite-chambre-hotes\/wp-content\/uploads\/2023\/02\/Flamant-rose-shutterstock.jpg","width":800,"height":533,"caption":"Flamant-rose"},{"@type":"WebSite","@id":"https:\/\/les-bougains.com\/bougainvillees-de-camargue-gite-chambre-hotes\/#website","url":"https:\/\/les-bougains.com\/bougainvillees-de-camargue-gite-chambre-hotes\/","name":"Les Bougainvill\u00e9es de Camargue","description":"G\u00eetes &amp; Chambres d\u2019h\u00f4tes","publisher":{"@id":"https:\/\/les-bougains.com\/bougainvillees-de-camargue-gite-chambre-hotes\/#organization"},"alternateName":"G\u00eetes et chambres d'h\u00f4te \u00e0 Villetelle, H\u00e9rault, Languedoc, Sud de France","potentialAction":[{"@type":"SearchAction","target":{"@type":"EntryPoint","urlTemplate":"https:\/\/les-bougains.com\/bougainvillees-de-camargue-gite-chambre-hotes\/?s={search_term_string}"},"query-input":{"@type":"PropertyValueSpecification","valueRequired":true,"valueName":"search_term_string"}}],"inLanguage":"fr-FR"},{"@type":"Organization","@id":"https:\/\/les-bougains.com\/bougainvillees-de-camargue-gite-chambre-hotes\/#organization","name":"Les Bougainvill\u00e9es de Camargue","alternateName":"G\u00eetes et chambres d'h\u00f4te \u00e0 Villetelle, H\u00e9rault, Languedoc, Sud de France","url":"https:\/\/les-bougains.com\/bougainvillees-de-camargue-gite-chambre-hotes\/","logo":{"@type":"ImageObject","inLanguage":"fr-FR","@id":"https:\/\/les-bougains.com\/bougainvillees-de-camargue-gite-chambre-hotes\/#\/schema\/logo\/image\/","url":"https:\/\/les-bougains.com\/bougainvillees-de-camargue-gite-chambre-hotes\/wp-content\/uploads\/2023\/11\/Bougainvillees-Camargue-logo2-blanc-transparent-essai31-175.png","contentUrl":"https:\/\/les-bougains.com\/bougainvillees-de-camargue-gite-chambre-hotes\/wp-content\/uploads\/2023\/11\/Bougainvillees-Camargue-logo2-blanc-transparent-essai31-175.png","width":175,"height":152,"caption":"Les Bougainvill\u00e9es de Camargue"},"image":{"@id":"https:\/\/les-bougains.com\/bougainvillees-de-camargue-gite-chambre-hotes\/#\/schema\/logo\/image\/"},"sameAs":["https:\/\/www.facebook.com\/profile.php?id=100056653585001"]}]}},"_links":{"self":[{"href":"https:\/\/les-bougains.com\/bougainvillees-de-camargue-gite-chambre-hotes\/wp-json\/wp\/v2\/pages\/20","targetHints":{"allow":["GET"]}}],"collection":[{"href":"https:\/\/les-bougains.com\/bougainvillees-de-camargue-gite-chambre-hotes\/wp-json\/wp\/v2\/pages"}],"about":[{"href":"https:\/\/les-bougains.com\/bougainvillees-de-camargue-gite-chambre-hotes\/wp-json\/wp\/v2\/types\/page"}],"author":[{"embeddable":true,"href":"https:\/\/les-bougains.com\/bougainvillees-de-camargue-gite-chambre-hotes\/wp-json\/wp\/v2\/users\/1"}],"replies":[{"embeddable":true,"href":"https:\/\/les-bougains.com\/bougainvillees-de-camargue-gite-chambre-hotes\/wp-json\/wp\/v2\/comments?post=20"}],"version-history":[{"count":34,"href":"https:\/\/les-bougains.com\/bougainvillees-de-camargue-gite-chambre-hotes\/wp-json\/wp\/v2\/pages\/20\/revisions"}],"predecessor-version":[{"id":5382,"href":"https:\/\/les-bougains.com\/bougainvillees-de-camargue-gite-chambre-hotes\/wp-json\/wp\/v2\/pages\/20\/revisions\/5382"}],"wp:featuredmedia":[{"embeddable":true,"href":"https:\/\/les-bougains.com\/bougainvillees-de-camargue-gite-chambre-hotes\/wp-json\/wp\/v2\/media\/770"}],"wp:attachment":[{"href":"https:\/\/les-bougains.com\/bougainvillees-de-camargue-gite-chambre-hotes\/wp-json\/wp\/v2\/media?parent=20"}],"curies":[{"name":"wp","href":"https:\/\/api.w.org\/{rel}","templated":true}]}}