{"id":2,"date":"2022-03-09T15:08:48","date_gmt":"2022-03-09T14:08:48","guid":{"rendered":"https:\/\/les-bougains.com\/bougainvillees-de-camargue-gite-chambre-hotes\/?page_id=2"},"modified":"2023-04-16T11:03:49","modified_gmt":"2023-04-16T09:03:49","slug":"mentions-legales","status":"publish","type":"page","link":"https:\/\/les-bougains.com\/bougainvillees-de-camargue-gite-chambre-hotes\/mentions-legales\/","title":{"rendered":"Mentions l\u00e9gales"},"content":{"rendered":"\n<h2 class=\"wp-block-heading\">1. INFO \u00c9DITEUR<\/h2>\n\n\n\n<p>\u00c9diteur&nbsp;:&nbsp;<strong>St\u00e9phanie Bourland<br><\/strong>343 Chemin des combes noires &#8211; Villetelle 34400 (H\u00e9rault) &#8211; France<br>Tel : &nbsp;06 30 57 02 51 \u2013 SIRET 397 545 963 00027 \u2013&nbsp; N\u00b0 TVA FR09 397 545 963<br>Responsable de la publication : <strong>St\u00e9phanie Bourland<\/strong><\/p>\n\n\n\n<h2 class=\"wp-block-heading\">2. CR\u00c9DITS<\/h2>\n\n\n\n<p>Ce site est r\u00e9alis\u00e9 par : Be vinum | Agence conseil en Marketing<br>Ce site est h\u00e9berg\u00e9 par : Kroox SAS,&nbsp;481 Bd Alfred Daney,&nbsp;33300 Bordeaux,&nbsp;France<\/p>\n\n\n\n<h2 class=\"wp-block-heading\">3. DROIT D\u2019AUTEUR (COPYRIGHT)<\/h2>\n\n\n\n<p>L\u2019\u00c9diteur est propri\u00e9taire de ce site Web.<br>Tout le contenu r\u00e9alis\u00e9 ou mis \u00e0 disposition sur ce site, y compris, mais non exclusivement, les textes, les graphiques, les photographies, les illustrations et les logiciels est la propri\u00e9t\u00e9 de l\u2019\u00c9diteur, des b\u00e9n\u00e9ficiaires de licence et des fournisseurs de contenu.<br>Sauf disposition expresse de la pr\u00e9sente publication concernant un fichier, un document ou un extrait pr\u00e9cis, l\u2019\u00c9diteur conc\u00e8de, par la pr\u00e9sente, le droit de visualiser, m\u00e9moriser et reproduire des exemplaires de cette publication pour vos besoins personnels.<br>Vous acceptez, pour autant, de vous conformer aux lois fran\u00e7aises sur les donn\u00e9es nominatives, sur la protection industrielle, les droits d\u2019auteurs, la presse et la communication, ainsi qu\u2019aux trait\u00e9s et accords internationaux relatifs \u00e0 ce domaine et aux domaines connexes.<\/p>\n\n\n\n<p>En cons\u00e9quence, vous vous interdisez de :<\/p>\n\n\n\n<p>-Reproduire int\u00e9gralement ou partiellement pour vendre, distribuer, \u00e9mettre, publier et communiquer sous quelque forme que ce soit, les donn\u00e9es ou \u0153uvres prot\u00e9g\u00e9es par le droit d\u2019auteur attach\u00e9 \u00e0 l\u2019\u0153uvre ou \u00e0 la donn\u00e9e reproduite sans autorisation \u00e9crite particuli\u00e8re et pr\u00e9alable du d\u00e9tenteur des droits d\u2019auteur attach\u00e9s \u00e0 l\u2019\u0153uvre ou \u00e0 la donn\u00e9e reproduite;<br>-R\u00e9utiliser toute information dans un but commercial ou publicitaire ;<br>-Introduire des donn\u00e9es sur ce site qui modifieraient ou seraient susceptibles de modifier le contenu ou l\u2019apparence des donn\u00e9es ou \u0153uvres figurant sur ce site.<\/p>\n\n\n\n<p>Les mentions du droit d\u2019auteur (copyright) devront \u00eatre visibles sur chaque exemplaire de la publication que cette derni\u00e8re soit utilis\u00e9e en tout ou partie.<br>Tous les droits attach\u00e9s aux copyrights restent la propri\u00e9t\u00e9 du titulaire.<\/p>\n\n\n\n<h3 class=\"wp-block-heading\">3.1. LA REPRODUCTION SUR SUPPORT \u00c9LECTRONIQUE<\/h3>\n\n\n\n<p>La reproduction de tout ou partie de ce site sur un support \u00e9lectronique est autoris\u00e9e sous r\u00e9serve de l\u2019ajout de fa\u00e7on claire et lisible de la source (<a href=\"https:\/\/les-bougains.com\/bougainvillees-de-camargue-gite-chambre-hotes\/\" target=\"_blank\" rel=\"noreferrer noopener\">https:\/\/les-bougains.com\/bougainvillees-de-camargue-gite-chambre-hotes\/<\/a>) et de la mention \u00ab&nbsp;Droits r\u00e9serv\u00e9s&nbsp;\u00bb.<br>Les informations utilis\u00e9es ne doivent l\u2019\u00eatre qu\u2019\u00e0 des fins personnelles, associatives ou professionnelles ; toute utilisation \u00e0 des fins commerciales ou publicitaires est exclue.<\/p>\n\n\n\n<h3 class=\"wp-block-heading\">3.2. LA CR\u00c9ATION DE LIENS VERS les-bougains.com\/bougainvillees-de-camargue-gite-chambre-hotes<\/h3>\n\n\n\n<p>Le site autorise la mise en place d\u2019un lien hypertexte pointant vers son contenu, sous r\u00e9serve de ne pas utiliser la technique du lien profond (\u00ab&nbsp;deep linking&nbsp;\u00bb), c\u2019est-\u00e0-dire que les pages du site (<a href=\"https:\/\/les-bougains.com\/bougainvillees-de-camargue-gite-chambre-hotes\/\" target=\"_blank\" rel=\"noreferrer noopener\">les-bougains.com\/bougainvillees-de-camargue-gite-chambre-hotes<\/a>) ne doivent pas \u00eatre imbriqu\u00e9es \u00e0 l\u2019int\u00e9rieur des pages d\u2019un autre site, mais accessible par l\u2019ouverture d\u2019une fen\u00eatre, mentionner la source qui pointera gr\u00e2ce \u00e0 un lien hypertexte directement sur le contenu vis\u00e9, les informations utilis\u00e9es ne doivent l\u2019\u00eatre qu\u2019\u00e0 des fins personnelles, associatives ou professionnelles, toute utilisation \u00e0 des fins commerciales ou publicitaires est exclue.<\/p>\n\n\n\n<p>Attention ! Cette autorisation ne s\u2019applique pas aux sites internet diffusant des informations \u00e0 caract\u00e8re pol\u00e9mique, pornographique, x\u00e9nophobe ou pouvant, dans une plus large mesure porter atteinte \u00e0 la sensibilit\u00e9 du plus grand nombre.<br>L\u2019\u00c9diteur d\u00e9cline toute responsabilit\u00e9 en ce qui concerne les pratiques et les politiques de protection de la confidentialit\u00e9 des donn\u00e9es des sites auxquels nous pouvons \u00eatre reli\u00e9s par des liens hypertextes et vous engageons \u00e0 en prendre connaissance.<\/p>\n\n\n\n<h2 class=\"wp-block-heading\">4. PORT\u00c9E DES CONTENUS<\/h2>\n\n\n\n<p>L\u2019\u00c9diteur ne donne aucune garantie, explicite ou implicite, et n\u2019assume aucune responsabilit\u00e9 relative \u00e0 l\u2019utilisation de la pr\u00e9sente publication.<br>En aucun cas, l\u2019\u00c9diteur ou un tiers impliqu\u00e9 dans la cr\u00e9ation de ce site ne sont responsables, ni ne peuvent \u00eatre redevables \u00e0 un utilisateur ou une autre partie, des dommages directs ou indirects, sp\u00e9ciaux, particuliers ou accessoires d\u00e9coulant de l\u2019utilisation de ce site ou d\u2019un autre site reli\u00e9 par un hyperlien, notamment des pertes de profit, de l\u2019interruption des affaires, des pertes de programmes ou d\u2019autres donn\u00e9es du syst\u00e8me de gestion de l\u2019information de l\u2019utilisateur ou autre, m\u00eame si l\u2019\u00c9diteur est express\u00e9ment inform\u00e9 que des dommages sont possibles. Votre connexion \u00e0 tout autre site ext\u00e9rieur est \u00e0 vos risques exclusifs.<br>L\u2019\u00c9diteur ne donne pas de garantie quant \u00e0 la qualit\u00e9, l\u2019exactitude, l\u2019actualit\u00e9, l\u2019ordre ou l\u2019exhaustivit\u00e9 de l\u2019information ou des documents dans ce site, et n\u2019est tenu \u00e0 aucune mise \u00e0 jour de ces informations.<br>Les autres documents sont pr\u00e9sent\u00e9s \u00e0 titre informatif et ne sauraient engager l\u2019\u00c9diteur.<\/p>\n\n\n\n<h2 class=\"wp-block-heading\">5. PROTECTION DES DONN\u00c9ES PERSONNELLES<\/h2>\n\n\n\n<p>Aucune information personnelle n\u2019est collect\u00e9e \u00e0 votre insu.<br>Aucune information personnelle n\u2019est c\u00e9d\u00e9e \u00e0 des tiers.<\/p>\n\n\n\n<h3 class=\"wp-block-heading\">5.1. DONN\u00c9ES STATISTIQUES<\/h3>\n\n\n\n<p>Pour acc\u00e9der \u00e0 certaines fonctionnalit\u00e9s du site, des informations peuvent vous \u00eatre demand\u00e9es, comme par exemple votre nom et votre adresse e-mail.<br>Ces informations personnelles recueillies en ligne sont destin\u00e9es \u00e0 l\u2019\u00c9diteur exclusivement.&nbsp;\u00c9tant donn\u00e9 que les formulaires en ligne sont toujours remplis volontairement, vous \u00eates libre de refuser de remplir un formulaire en ligne. Cependant, si vous choisissez de ne pas le\/les remplir, certains services ne pourront vous \u00eatre fournis.<\/p>\n\n\n\n<h3 class=\"wp-block-heading\">5.2. DONN\u00c9ES DE CONNEXION<\/h3>\n\n\n\n<p>Les donn\u00e9es de connexion au site (fichiers log) sont utilis\u00e9es uniquement pour la s\u00e9curit\u00e9 du site (d\u00e9tection d\u2019\u00e9ventuelles intrusions) et pour estimer la fr\u00e9quentation g\u00e9n\u00e9rale du site (exemple : les rubriques les plus consult\u00e9es).<\/p>\n\n\n\n<h3 class=\"wp-block-heading\">5.4. DROIT D\u2019ACC\u00c8S<\/h3>\n\n\n\n<p>Conform\u00e9ment \u00e0 la Loi du 6 janvier 1978 relative \u00e0 l\u2019informatique, aux fichiers et aux libert\u00e9s, vous disposez d\u2019un droit d\u2019acc\u00e8s et de rectification aux donn\u00e9es personnelles vous concernant. Si vous voulez exercer ce droit, il vous suffit d\u2019\u00e9crire&nbsp;\u00e0 St\u00e9phanie Bourland &#8211; 343 Chemin des combes noires &#8211; 34400 Villetelle.<\/p>\n\n\n\n<h2 class=\"wp-block-heading\">6. CR\u00c9DITS PHOTOS<\/h2>\n\n\n\n<p>Photos&nbsp;St\u00e9phanie Bourland, Bertrand Jolivel, Shutterstock<\/p>\n\n\n\n<h2 class=\"wp-block-heading\">7.COOKIES &amp; STATISTIQUES<\/h2>\n\n\n\n<p>Ce site internet poss\u00e8de un syst\u00e8me de statistiques (analytics) qui permet de savoir quel mot-cl\u00e9 vous avez tap\u00e9 pour arriver ici, ou bien de quel site vous venez. Notre site contient un certain nombre de liens hypertextes vers d\u2019autres sites et la navigation sur le site est susceptible de provoquer l\u2019installation de cookies sur l\u2019ordinateur de l\u2019utilisateur. Un cookie est un fichier de petite taille, qui ne permet pas l\u2019identification de l\u2019utilisateur, mais qui enregistre des informations relatives \u00e0 la navigation d\u2019un ordinateur sur un site. Les donn\u00e9es ainsi obtenues visent \u00e0 faciliter la navigation ult\u00e9rieure sur le site, et ont \u00e9galement vocation \u00e0 permettre diverses mesures de fr\u00e9quentation.<\/p>\n\n\n\n<p>Le refus d\u2019installation d\u2019un cookie peut entra\u00eener l\u2019impossibilit\u00e9 d\u2019acc\u00e9der \u00e0 certains services. L\u2019utilisateur peut toutefois configurer son ordinateur de la mani\u00e8re suivante, pour refuser l\u2019installation des cookies :<br>Sous Internet Explorer : onglet outils \/ options internet. Cliquez sur Confidentialit\u00e9 et choisissez Bloquer tous les cookies. Validez sur Ok.<br>Sous Google Chrome : cl\u00e9 \u00e0 molette en haut \u00e0 droite \/ options \/ options avanc\u00e9es \/ param\u00e8tres de contenu \/ autoriser le stockage des donn\u00e9es locales.<br>Sous Firefox : onglet outils \/ vie priv\u00e9e \/ accepter les cookies . Cliquer sur Ok.<\/p>\n\n\n\n<h2 class=\"wp-block-heading\">8. MODIFICATIONS DES TERMES ET CONDITIONS<\/h2>\n\n\n\n<p>L\u2019\u00c9diteur peut \u00e0 tout moment modifier les pr\u00e9sentes en actualisant ce site. Ces modifications vous engagent et nous vous recommandons de consulter r\u00e9guli\u00e8rement ce site pour prendre connaissance des termes et conditions en vigueur.<\/p>\n","protected":false},"excerpt":{"rendered":"<p>1. INFO \u00c9DITEUR \u00c9diteur&nbsp;:&nbsp;St\u00e9phanie Bourland343 Chemin des combes noires &#8211; Villetelle 34400 (H\u00e9rault) &#8211; [&hellip;]<\/p>\n","protected":false},"author":1,"featured_media":815,"parent":0,"menu_order":0,"comment_status":"closed","ping_status":"closed","template":"","meta":{"_acf_changed":false,"footnotes":""},"class_list":["post-2","page","type-page","status-publish","has-post-thumbnail","hentry"],"acf":[],"yoast_head":"<!-- This site is optimized with the Yoast SEO plugin v26.8 - https:\/\/yoast.com\/product\/yoast-seo-wordpress\/ -->\n<title>Mentions l\u00e9gales - Les Bougainvill\u00e9es de Camargue<\/title>\n<meta name=\"robots\" content=\"index, follow, max-snippet:-1, max-image-preview:large, max-video-preview:-1\" \/>\n<link rel=\"canonical\" href=\"https:\/\/les-bougains.com\/bougainvillees-de-camargue-gite-chambre-hotes\/mentions-legales\/\" \/>\n<meta property=\"og:locale\" content=\"fr_FR\" \/>\n<meta property=\"og:type\" content=\"article\" \/>\n<meta property=\"og:title\" content=\"Mentions l\u00e9gales - Les Bougainvill\u00e9es de Camargue\" \/>\n<meta property=\"og:description\" content=\"1. INFO \u00c9DITEUR \u00c9diteur&nbsp;:&nbsp;St\u00e9phanie Bourland343 Chemin des combes noires &#8211; Villetelle 34400 (H\u00e9rault) &#8211; [&hellip;]\" \/>\n<meta property=\"og:url\" content=\"https:\/\/les-bougains.com\/bougainvillees-de-camargue-gite-chambre-hotes\/mentions-legales\/\" \/>\n<meta property=\"og:site_name\" content=\"Les Bougainvill\u00e9es de Camargue\" \/>\n<meta property=\"article:publisher\" content=\"https:\/\/www.facebook.com\/profile.php?id=100056653585001\" \/>\n<meta property=\"article:modified_time\" content=\"2023-04-16T09:03:49+00:00\" \/>\n<meta property=\"og:image\" content=\"https:\/\/les-bougains.com\/bougainvillees-de-camargue-gite-chambre-hotes\/wp-content\/uploads\/2023\/02\/Domaine-Bougainvillees-camargue-bougains-arbuste.png\" \/>\n\t<meta property=\"og:image:width\" content=\"724\" \/>\n\t<meta property=\"og:image:height\" content=\"812\" \/>\n\t<meta property=\"og:image:type\" content=\"image\/png\" \/>\n<meta name=\"twitter:card\" content=\"summary_large_image\" \/>\n<meta name=\"twitter:label1\" content=\"Dur\u00e9e de lecture estim\u00e9e\" \/>\n\t<meta name=\"twitter:data1\" content=\"6 minutes\" \/>\n<script type=\"application\/ld+json\" class=\"yoast-schema-graph\">{\"@context\":\"https:\/\/schema.org\",\"@graph\":[{\"@type\":\"WebPage\",\"@id\":\"https:\/\/les-bougains.com\/bougainvillees-de-camargue-gite-chambre-hotes\/mentions-legales\/\",\"url\":\"https:\/\/les-bougains.com\/bougainvillees-de-camargue-gite-chambre-hotes\/mentions-legales\/\",\"name\":\"Mentions l\u00e9gales - Les Bougainvill\u00e9es de Camargue\",\"isPartOf\":{\"@id\":\"https:\/\/les-bougains.com\/bougainvillees-de-camargue-gite-chambre-hotes\/#website\"},\"primaryImageOfPage\":{\"@id\":\"https:\/\/les-bougains.com\/bougainvillees-de-camargue-gite-chambre-hotes\/mentions-legales\/#primaryimage\"},\"image\":{\"@id\":\"https:\/\/les-bougains.com\/bougainvillees-de-camargue-gite-chambre-hotes\/mentions-legales\/#primaryimage\"},\"thumbnailUrl\":\"https:\/\/les-bougains.com\/bougainvillees-de-camargue-gite-chambre-hotes\/wp-content\/uploads\/2023\/02\/Domaine-Bougainvillees-camargue-bougains-arbuste.png\",\"datePublished\":\"2022-03-09T14:08:48+00:00\",\"dateModified\":\"2023-04-16T09:03:49+00:00\",\"inLanguage\":\"fr-FR\",\"potentialAction\":[{\"@type\":\"ReadAction\",\"target\":[\"https:\/\/les-bougains.com\/bougainvillees-de-camargue-gite-chambre-hotes\/mentions-legales\/\"]}]},{\"@type\":\"ImageObject\",\"inLanguage\":\"fr-FR\",\"@id\":\"https:\/\/les-bougains.com\/bougainvillees-de-camargue-gite-chambre-hotes\/mentions-legales\/#primaryimage\",\"url\":\"https:\/\/les-bougains.com\/bougainvillees-de-camargue-gite-chambre-hotes\/wp-content\/uploads\/2023\/02\/Domaine-Bougainvillees-camargue-bougains-arbuste.png\",\"contentUrl\":\"https:\/\/les-bougains.com\/bougainvillees-de-camargue-gite-chambre-hotes\/wp-content\/uploads\/2023\/02\/Domaine-Bougainvillees-camargue-bougains-arbuste.png\",\"width\":724,\"height\":812,\"caption\":\"Domaine-Bougainvillees-camargue-bougains-arbuste bougainvillier\"},{\"@type\":\"WebSite\",\"@id\":\"https:\/\/les-bougains.com\/bougainvillees-de-camargue-gite-chambre-hotes\/#website\",\"url\":\"https:\/\/les-bougains.com\/bougainvillees-de-camargue-gite-chambre-hotes\/\",\"name\":\"Les Bougainvill\u00e9es de Camargue\",\"description\":\"G\u00eetes &amp; Chambres d\u2019h\u00f4tes\",\"publisher\":{\"@id\":\"https:\/\/les-bougains.com\/bougainvillees-de-camargue-gite-chambre-hotes\/#organization\"},\"alternateName\":\"G\u00eetes et chambres d'h\u00f4te \u00e0 Villetelle, H\u00e9rault, Languedoc, Sud de France\",\"potentialAction\":[{\"@type\":\"SearchAction\",\"target\":{\"@type\":\"EntryPoint\",\"urlTemplate\":\"https:\/\/les-bougains.com\/bougainvillees-de-camargue-gite-chambre-hotes\/?s={search_term_string}\"},\"query-input\":{\"@type\":\"PropertyValueSpecification\",\"valueRequired\":true,\"valueName\":\"search_term_string\"}}],\"inLanguage\":\"fr-FR\"},{\"@type\":\"Organization\",\"@id\":\"https:\/\/les-bougains.com\/bougainvillees-de-camargue-gite-chambre-hotes\/#organization\",\"name\":\"Les Bougainvill\u00e9es de Camargue\",\"alternateName\":\"G\u00eetes et chambres d'h\u00f4te \u00e0 Villetelle, H\u00e9rault, Languedoc, Sud de France\",\"url\":\"https:\/\/les-bougains.com\/bougainvillees-de-camargue-gite-chambre-hotes\/\",\"logo\":{\"@type\":\"ImageObject\",\"inLanguage\":\"fr-FR\",\"@id\":\"https:\/\/les-bougains.com\/bougainvillees-de-camargue-gite-chambre-hotes\/#\/schema\/logo\/image\/\",\"url\":\"https:\/\/les-bougains.com\/bougainvillees-de-camargue-gite-chambre-hotes\/wp-content\/uploads\/2023\/11\/Bougainvillees-Camargue-logo2-blanc-transparent-essai31-175.png\",\"contentUrl\":\"https:\/\/les-bougains.com\/bougainvillees-de-camargue-gite-chambre-hotes\/wp-content\/uploads\/2023\/11\/Bougainvillees-Camargue-logo2-blanc-transparent-essai31-175.png\",\"width\":175,\"height\":152,\"caption\":\"Les Bougainvill\u00e9es de Camargue\"},\"image\":{\"@id\":\"https:\/\/les-bougains.com\/bougainvillees-de-camargue-gite-chambre-hotes\/#\/schema\/logo\/image\/\"},\"sameAs\":[\"https:\/\/www.facebook.com\/profile.php?id=100056653585001\"]}]}<\/script>\n<!-- \/ Yoast SEO plugin. -->","yoast_head_json":{"title":"Mentions l\u00e9gales - Les Bougainvill\u00e9es de Camargue","robots":{"index":"index","follow":"follow","max-snippet":"max-snippet:-1","max-image-preview":"max-image-preview:large","max-video-preview":"max-video-preview:-1"},"canonical":"https:\/\/les-bougains.com\/bougainvillees-de-camargue-gite-chambre-hotes\/mentions-legales\/","og_locale":"fr_FR","og_type":"article","og_title":"Mentions l\u00e9gales - Les Bougainvill\u00e9es de Camargue","og_description":"1. INFO \u00c9DITEUR \u00c9diteur&nbsp;:&nbsp;St\u00e9phanie Bourland343 Chemin des combes noires &#8211; Villetelle 34400 (H\u00e9rault) &#8211; [&hellip;]","og_url":"https:\/\/les-bougains.com\/bougainvillees-de-camargue-gite-chambre-hotes\/mentions-legales\/","og_site_name":"Les Bougainvill\u00e9es de Camargue","article_publisher":"https:\/\/www.facebook.com\/profile.php?id=100056653585001","article_modified_time":"2023-04-16T09:03:49+00:00","og_image":[{"width":724,"height":812,"url":"https:\/\/les-bougains.com\/bougainvillees-de-camargue-gite-chambre-hotes\/wp-content\/uploads\/2023\/02\/Domaine-Bougainvillees-camargue-bougains-arbuste.png","type":"image\/png"}],"twitter_card":"summary_large_image","twitter_misc":{"Dur\u00e9e de lecture estim\u00e9e":"6 minutes"},"schema":{"@context":"https:\/\/schema.org","@graph":[{"@type":"WebPage","@id":"https:\/\/les-bougains.com\/bougainvillees-de-camargue-gite-chambre-hotes\/mentions-legales\/","url":"https:\/\/les-bougains.com\/bougainvillees-de-camargue-gite-chambre-hotes\/mentions-legales\/","name":"Mentions l\u00e9gales - Les Bougainvill\u00e9es de Camargue","isPartOf":{"@id":"https:\/\/les-bougains.com\/bougainvillees-de-camargue-gite-chambre-hotes\/#website"},"primaryImageOfPage":{"@id":"https:\/\/les-bougains.com\/bougainvillees-de-camargue-gite-chambre-hotes\/mentions-legales\/#primaryimage"},"image":{"@id":"https:\/\/les-bougains.com\/bougainvillees-de-camargue-gite-chambre-hotes\/mentions-legales\/#primaryimage"},"thumbnailUrl":"https:\/\/les-bougains.com\/bougainvillees-de-camargue-gite-chambre-hotes\/wp-content\/uploads\/2023\/02\/Domaine-Bougainvillees-camargue-bougains-arbuste.png","datePublished":"2022-03-09T14:08:48+00:00","dateModified":"2023-04-16T09:03:49+00:00","inLanguage":"fr-FR","potentialAction":[{"@type":"ReadAction","target":["https:\/\/les-bougains.com\/bougainvillees-de-camargue-gite-chambre-hotes\/mentions-legales\/"]}]},{"@type":"ImageObject","inLanguage":"fr-FR","@id":"https:\/\/les-bougains.com\/bougainvillees-de-camargue-gite-chambre-hotes\/mentions-legales\/#primaryimage","url":"https:\/\/les-bougains.com\/bougainvillees-de-camargue-gite-chambre-hotes\/wp-content\/uploads\/2023\/02\/Domaine-Bougainvillees-camargue-bougains-arbuste.png","contentUrl":"https:\/\/les-bougains.com\/bougainvillees-de-camargue-gite-chambre-hotes\/wp-content\/uploads\/2023\/02\/Domaine-Bougainvillees-camargue-bougains-arbuste.png","width":724,"height":812,"caption":"Domaine-Bougainvillees-camargue-bougains-arbuste bougainvillier"},{"@type":"WebSite","@id":"https:\/\/les-bougains.com\/bougainvillees-de-camargue-gite-chambre-hotes\/#website","url":"https:\/\/les-bougains.com\/bougainvillees-de-camargue-gite-chambre-hotes\/","name":"Les Bougainvill\u00e9es de Camargue","description":"G\u00eetes &amp; Chambres d\u2019h\u00f4tes","publisher":{"@id":"https:\/\/les-bougains.com\/bougainvillees-de-camargue-gite-chambre-hotes\/#organization"},"alternateName":"G\u00eetes et chambres d'h\u00f4te \u00e0 Villetelle, H\u00e9rault, Languedoc, Sud de France","potentialAction":[{"@type":"SearchAction","target":{"@type":"EntryPoint","urlTemplate":"https:\/\/les-bougains.com\/bougainvillees-de-camargue-gite-chambre-hotes\/?s={search_term_string}"},"query-input":{"@type":"PropertyValueSpecification","valueRequired":true,"valueName":"search_term_string"}}],"inLanguage":"fr-FR"},{"@type":"Organization","@id":"https:\/\/les-bougains.com\/bougainvillees-de-camargue-gite-chambre-hotes\/#organization","name":"Les Bougainvill\u00e9es de Camargue","alternateName":"G\u00eetes et chambres d'h\u00f4te \u00e0 Villetelle, H\u00e9rault, Languedoc, Sud de France","url":"https:\/\/les-bougains.com\/bougainvillees-de-camargue-gite-chambre-hotes\/","logo":{"@type":"ImageObject","inLanguage":"fr-FR","@id":"https:\/\/les-bougains.com\/bougainvillees-de-camargue-gite-chambre-hotes\/#\/schema\/logo\/image\/","url":"https:\/\/les-bougains.com\/bougainvillees-de-camargue-gite-chambre-hotes\/wp-content\/uploads\/2023\/11\/Bougainvillees-Camargue-logo2-blanc-transparent-essai31-175.png","contentUrl":"https:\/\/les-bougains.com\/bougainvillees-de-camargue-gite-chambre-hotes\/wp-content\/uploads\/2023\/11\/Bougainvillees-Camargue-logo2-blanc-transparent-essai31-175.png","width":175,"height":152,"caption":"Les Bougainvill\u00e9es de Camargue"},"image":{"@id":"https:\/\/les-bougains.com\/bougainvillees-de-camargue-gite-chambre-hotes\/#\/schema\/logo\/image\/"},"sameAs":["https:\/\/www.facebook.com\/profile.php?id=100056653585001"]}]}},"_links":{"self":[{"href":"https:\/\/les-bougains.com\/bougainvillees-de-camargue-gite-chambre-hotes\/wp-json\/wp\/v2\/pages\/2","targetHints":{"allow":["GET"]}}],"collection":[{"href":"https:\/\/les-bougains.com\/bougainvillees-de-camargue-gite-chambre-hotes\/wp-json\/wp\/v2\/pages"}],"about":[{"href":"https:\/\/les-bougains.com\/bougainvillees-de-camargue-gite-chambre-hotes\/wp-json\/wp\/v2\/types\/page"}],"author":[{"embeddable":true,"href":"https:\/\/les-bougains.com\/bougainvillees-de-camargue-gite-chambre-hotes\/wp-json\/wp\/v2\/users\/1"}],"replies":[{"embeddable":true,"href":"https:\/\/les-bougains.com\/bougainvillees-de-camargue-gite-chambre-hotes\/wp-json\/wp\/v2\/comments?post=2"}],"version-history":[{"count":7,"href":"https:\/\/les-bougains.com\/bougainvillees-de-camargue-gite-chambre-hotes\/wp-json\/wp\/v2\/pages\/2\/revisions"}],"predecessor-version":[{"id":1282,"href":"https:\/\/les-bougains.com\/bougainvillees-de-camargue-gite-chambre-hotes\/wp-json\/wp\/v2\/pages\/2\/revisions\/1282"}],"wp:featuredmedia":[{"embeddable":true,"href":"https:\/\/les-bougains.com\/bougainvillees-de-camargue-gite-chambre-hotes\/wp-json\/wp\/v2\/media\/815"}],"wp:attachment":[{"href":"https:\/\/les-bougains.com\/bougainvillees-de-camargue-gite-chambre-hotes\/wp-json\/wp\/v2\/media?parent=2"}],"curies":[{"name":"wp","href":"https:\/\/api.w.org\/{rel}","templated":true}]}}